{"id":1465,"date":"2025-07-29T09:21:41","date_gmt":"2025-07-29T07:21:41","guid":{"rendered":"https:\/\/hub2work.pl\/?page_id=1465"},"modified":"2025-07-30T13:15:41","modified_gmt":"2025-07-30T11:15:41","slug":"kontakt-2","status":"publish","type":"page","link":"https:\/\/hub2work.pl\/?page_id=1465","title":{"rendered":"Kontakt"},"content":{"rendered":"\t\t<div data-elementor-type=\"wp-page\" data-elementor-id=\"1465\" class=\"elementor elementor-1465\">\n\t\t\t\t\t\t<section class=\"elementor-section elementor-top-section elementor-element elementor-element-2265abe2 elementor-section-boxed elementor-section-height-default elementor-section-height-default exad-glass-effect-no tp-parallax-no exad-sticky-section-no\" data-id=\"2265abe2\" data-element_type=\"section\" data-settings=\"{&quot;tp_sticky_sec_effect_enable&quot;:false}\">\n\t\t\t\t\t\t<div class=\"elementor-container elementor-column-gap-default\">\n\t\t\t\t\t<div data-aos=\"\" class=\"elementor-column elementor-col-100 elementor-top-column elementor-element elementor-element-509dce0d exad-glass-effect-no exad-sticky-section-no\" data-id=\"509dce0d\" data-element_type=\"column\" data-settings=\"{&quot;tp_sticky_col_effect_enable&quot;:false}\">\n\t\t\t<div class=\"elementor-widget-wrap elementor-element-populated\">\n\t\t\t\t\t\t<div class=\"elementor-element elementor-element-4748009b ekit-off-canvas-position-right exad-sticky-section-no exad-glass-effect-no elementor-widget elementor-widget-elementskit-header-offcanvas\" data-id=\"4748009b\" data-element_type=\"widget\" data-widget_type=\"elementskit-header-offcanvas.default\">\n\t\t\t\t<div class=\"elementor-widget-container\">\n\t\t\t\t\t<div class=\"ekit-wid-con\" >        <div class=\"ekit-offcanvas-toggle-wraper before\">\n            <a href=\"#\" class=\"ekit_navSidebar-button ekit_offcanvas-sidebar\" aria-label=\"offcanvas-menu\">\n                <i aria-hidden=\"true\" class=\"icon icon-menu-11\"><\/i>            <\/a>\n        <\/div>\n        <!-- offset cart strart -->\n        <!-- sidebar cart item -->\n        <div class=\"ekit-sidebar-group info-group ekit-slide\" data-settings=\"{&quot;disable_bodyscroll&quot;:&quot;&quot;}\">\n            <div class=\"ekit-overlay ekit-bg-black\"><\/div>\n            <div class=\"ekit-sidebar-widget\">\n                <div class=\"ekit_sidebar-widget-container\">\n                    <div class=\"ekit_widget-heading before\">\n                        <a href=\"#\" class=\"ekit_close-side-widget\" aria-label=\"close-icon\">\n\n\t\t\t\t\t\t\t<i aria-hidden=\"true\" class=\"fas fa-times\"><\/i>\n                        <\/a>\n                    <\/div>\n                    <div class=\"ekit_sidebar-textwidget\">\n                        \n\t\t<div class=\"widgetarea_warper widgetarea_warper_editable\" data-elementskit-widgetarea-key=\"685dc95\"  data-elementskit-widgetarea-index=\"99\">\n\t\t\t<div class=\"widgetarea_warper_edit\" data-elementskit-widgetarea-key=\"685dc95\" data-elementskit-widgetarea-index=\"99\">\n\t\t\t\t<i class=\"eicon-edit\" aria-hidden=\"true\"><\/i>\n\t\t\t\t<span>Edytuj tre\u015b\u0107<\/span>\n\t\t\t<\/div>\n\n\t\t\t\t\t\t\t\t<div class=\"ekit-widget-area-container\">\n\t\t\t\t\t\t\t<div data-elementor-type=\"wp-post\" data-elementor-id=\"1215\" class=\"elementor elementor-1215\">\n\t\t\t\t\t\t<section class=\"elementor-section elementor-top-section elementor-element elementor-element-7f9c999 elementor-section-boxed elementor-section-height-default elementor-section-height-default exad-glass-effect-no tp-parallax-no exad-sticky-section-no\" data-id=\"7f9c999\" data-element_type=\"section\" data-settings=\"{&quot;tp_sticky_sec_effect_enable&quot;:false}\">\n\t\t\t\t\t\t<div class=\"elementor-container elementor-column-gap-default\">\n\t\t\t\t\t<div data-aos=\"\" class=\"elementor-column elementor-col-100 elementor-top-column elementor-element elementor-element-b2edcee exad-glass-effect-no exad-sticky-section-no\" data-id=\"b2edcee\" data-element_type=\"column\" data-settings=\"{&quot;tp_sticky_col_effect_enable&quot;:false}\">\n\t\t\t<div class=\"elementor-widget-wrap elementor-element-populated\">\n\t\t\t\t\t\t<div class=\"elementor-element elementor-element-8e4505b exad-sticky-section-no exad-glass-effect-no elementor-widget elementor-widget-tpmenuacc\" data-id=\"8e4505b\" data-element_type=\"widget\" data-widget_type=\"tpmenuacc.default\">\n\t\t\t\t<div class=\"elementor-widget-container\">\n\t\t\t\t\t<div data-xld =\"tivo ti-arrow-down\" class=\"tp-accordionmenu\"><div class=\"menu-iob-container\"><ul class=\"raw-style momenu-list\"><li id=\"menu-item-1152\" class=\"menu-item menu-item-type-post_type menu-item-object-page menu-item-home menu-item-has-children menu-item-1152\"><a href=\"https:\/\/hub2work.pl\/\">G\u0142\u00f3wna<\/a>\n<ul class=\"sub-menu\">\n\t<li id=\"menu-item-1153\" class=\"menu-item menu-item-type-post_type menu-item-object-page menu-item-1153\"><a href=\"https:\/\/hub2work.pl\/?page_id=291\">Us\u0142ugi sprz\u0105tania<\/a><\/li>\n\t<li id=\"menu-item-1157\" class=\"menu-item menu-item-type-post_type menu-item-object-page menu-item-1157\"><a href=\"https:\/\/hub2work.pl\/?page_id=612\">Obs\u0142uga publiczno\u015bci<\/a><\/li>\n\t<li id=\"menu-item-1483\" class=\"menu-item menu-item-type-post_type menu-item-object-page menu-item-1483\"><a href=\"https:\/\/hub2work.pl\/?page_id=845\">Hub2Bussiness O\u015brodek Wsparcia Przedsi\u0119biorczo\u015bci<\/a><\/li>\n<\/ul>\n<\/li>\n<li id=\"menu-item-1144\" class=\"menu-item menu-item-type-post_type menu-item-object-page menu-item-has-children menu-item-1144\"><a href=\"https:\/\/hub2work.pl\/?page_id=845\">Oferta<\/a>\n<ul class=\"sub-menu\">\n\t<li id=\"menu-item-1145\" class=\"menu-item menu-item-type-post_type menu-item-object-page menu-item-1145\"><a href=\"https:\/\/hub2work.pl\/?page_id=1050\">Us\u0142ugi kadrowe<\/a><\/li>\n\t<li id=\"menu-item-1272\" class=\"menu-item menu-item-type-post_type menu-item-object-page menu-item-1272\"><a href=\"https:\/\/hub2work.pl\/?page_id=1213\">Us\u0142ugi ksi\u0119gowe<\/a><\/li>\n\t<li id=\"menu-item-1481\" class=\"menu-item menu-item-type-post_type menu-item-object-page menu-item-1481\"><a href=\"https:\/\/hub2work.pl\/?page_id=1451\">Us\u0142ugi prawne<\/a><\/li>\n\t<li id=\"menu-item-1146\" class=\"menu-item menu-item-type-post_type menu-item-object-page menu-item-1146\"><a href=\"https:\/\/hub2work.pl\/?page_id=1042\">Wynajem przestrzeni<\/a><\/li>\n\t<li id=\"menu-item-1147\" class=\"menu-item menu-item-type-post_type menu-item-object-page menu-item-1147\"><a href=\"https:\/\/hub2work.pl\/?page_id=1015\">Wirtualne biuro<\/a><\/li>\n\t<li id=\"menu-item-1482\" class=\"menu-item menu-item-type-post_type menu-item-object-page menu-item-1482\"><a href=\"https:\/\/hub2work.pl\/?page_id=1282\">Rozliczenia projekt\u00f3w i dofinansowa\u0144<\/a><\/li>\n\t<li id=\"menu-item-1701\" class=\"menu-item menu-item-type-post_type menu-item-object-page menu-item-1701\"><a href=\"https:\/\/hub2work.pl\/?page_id=1464\">Szkolenia<\/a><\/li>\n<\/ul>\n<\/li>\n<li id=\"menu-item-1480\" class=\"menu-item menu-item-type-post_type menu-item-object-page menu-item-1480\"><a href=\"https:\/\/hub2work.pl\/?page_id=1465\">Kontakt<\/a><\/li>\n<\/ul><\/div><\/div>\t\t\t\t<\/div>\n\t\t\t\t<\/div>\n\t\t\t\t\t<\/div>\n\t\t<\/div>\n\t\t\t\t\t<\/div>\n\t\t<\/section>\n\t\t\t\t<section class=\"elementor-section elementor-top-section elementor-element elementor-element-cc7e4d1 elementor-section-boxed elementor-section-height-default elementor-section-height-default exad-glass-effect-no tp-parallax-no exad-sticky-section-no\" data-id=\"cc7e4d1\" data-element_type=\"section\" data-settings=\"{&quot;tp_sticky_sec_effect_enable&quot;:false}\">\n\t\t\t\t\t\t<div class=\"elementor-container elementor-column-gap-default\">\n\t\t\t\t\t<div data-aos=\"\" class=\"elementor-column elementor-col-100 elementor-top-column elementor-element elementor-element-cbe502c exad-glass-effect-no exad-sticky-section-no\" data-id=\"cbe502c\" data-element_type=\"column\" data-settings=\"{&quot;tp_sticky_col_effect_enable&quot;:false}\">\n\t\t\t<div class=\"elementor-widget-wrap elementor-element-populated\">\n\t\t\t\t\t\t<div class=\"elementor-element elementor-element-8be2fd1 elementor-align-right exad-sticky-section-no exad-glass-effect-no elementor-widget elementor-widget-button\" data-id=\"8be2fd1\" data-element_type=\"widget\" data-widget_type=\"button.default\">\n\t\t\t\t<div class=\"elementor-widget-container\">\n\t\t\t\t\t\t\t\t\t<div class=\"elementor-button-wrapper\">\n\t\t\t\t\t<a class=\"elementor-button elementor-button-link elementor-size-sm\" href=\"http:\/\/hub2work.pl\/?page_id=845#oferta\">\n\t\t\t\t\t\t<span class=\"elementor-button-content-wrapper\">\n\t\t\t\t\t\t\t\t\t<span class=\"elementor-button-text\">Wstecz<\/span>\n\t\t\t\t\t<\/span>\n\t\t\t\t\t<\/a>\n\t\t\t\t<\/div>\n\t\t\t\t\t\t\t\t<\/div>\n\t\t\t\t<\/div>\n\t\t\t\t\t<\/div>\n\t\t<\/div>\n\t\t\t\t\t<\/div>\n\t\t<\/section>\n\t\t\t\t<\/div>\n\t\t\t\t\t\t\t<\/div>\n\t\t\t\t\t\t<\/div>\n\t\t \n                    <\/div>\n                <\/div>\n            <\/div>\n        <\/div> <!-- END sidebar widget item -->\n        <!-- END offset cart strart -->\n        <\/div>\t\t\t\t<\/div>\n\t\t\t\t<\/div>\n\t\t\t\t\t<\/div>\n\t\t<\/div>\n\t\t\t\t\t<\/div>\n\t\t<\/section>\n\t\t\t\t<section class=\"elementor-section elementor-top-section elementor-element elementor-element-228237c5 elementor-section-full_width elementor-section-height-default elementor-section-height-default exad-glass-effect-no tp-parallax-no exad-sticky-section-no\" data-id=\"228237c5\" data-element_type=\"section\" id=\"biurko\" data-settings=\"{&quot;background_background&quot;:&quot;classic&quot;,&quot;tp_sticky_sec_effect_enable&quot;:false}\">\n\t\t\t\t\t\t<div class=\"elementor-container elementor-column-gap-default\">\n\t\t\t\t\t<div data-aos=\"\" class=\"elementor-column elementor-col-50 elementor-top-column elementor-element elementor-element-72af7b2d exad-glass-effect-no exad-sticky-section-no\" data-id=\"72af7b2d\" data-element_type=\"column\" data-settings=\"{&quot;tp_sticky_col_effect_enable&quot;:false}\">\n\t\t\t<div class=\"elementor-widget-wrap elementor-element-populated\">\n\t\t\t\t\t\t<div class=\"elementor-element elementor-element-56a0463b elementor-widget__width-auto exad-sticky-section-no exad-glass-effect-no elementor-widget elementor-widget-exad-exclusive-dual-heading\" data-id=\"56a0463b\" data-element_type=\"widget\" data-widget_type=\"exad-exclusive-dual-heading.default\">\n\t\t\t\t<div class=\"elementor-widget-container\">\n\t\t\t\t\t\r\n        <div class=\"exad-dual-heading\">\r\n            <div class=\"exad-dual-heading-wrapper\">\r\n            \r\n                <h2 class=\"exad-dual-heading-title\">\r\n                                    <span class=\"first-heading\">formularz<\/span>\r\n                    <span class=\"second-heading\">kontaktowy<\/span>\r\n                                    <\/h2>\r\n\r\n                  \r\n\r\n            <\/div>\r\n        <\/div>\r\n        \t\t\t\t<\/div>\n\t\t\t\t<\/div>\n\t\t\t\t\t<\/div>\n\t\t<\/div>\n\t\t\t\t<div data-aos=\"\" class=\"elementor-column elementor-col-50 elementor-top-column elementor-element elementor-element-1b6cfaae exad-glass-effect-no exad-sticky-section-no\" data-id=\"1b6cfaae\" data-element_type=\"column\" data-settings=\"{&quot;background_background&quot;:&quot;classic&quot;,&quot;tp_sticky_col_effect_enable&quot;:false}\">\n\t\t\t<div class=\"elementor-widget-wrap elementor-element-populated\">\n\t\t\t\t\t\t<div class=\"elementor-element elementor-element-948c724 exad-sticky-section-no exad-glass-effect-no elementor-widget elementor-widget-text-editor\" data-id=\"948c724\" data-element_type=\"widget\" data-widget_type=\"text-editor.default\">\n\t\t\t\t<div class=\"elementor-widget-container\">\n\t\t\t\t\t\t\t\t\t<p><strong>Zainteresowa\u0142a Ci\u0119 nasza oferta? Zapraszamy do kontaktu.<\/strong><\/p>\t\t\t\t\t\t\t\t<\/div>\n\t\t\t\t<\/div>\n\t\t\t\t<div class=\"elementor-element elementor-element-e9668f7 exad-sticky-section-no exad-glass-effect-no elementor-widget elementor-widget-exad-contact-form-7\" data-id=\"e9668f7\" data-element_type=\"widget\" data-widget_type=\"exad-contact-form-7.default\">\n\t\t\t\t<div class=\"elementor-widget-container\">\n\t\t\t\t\t            <div class=\"exad-contact-form exad-contact-form-7 exad-contact-form-e9668f7\">\r\n                    \r\n                                        \r\n                \n<div class=\"wpcf7 no-js\" id=\"wpcf7-f517-o1\" lang=\"pl-PL\" dir=\"ltr\" data-wpcf7-id=\"517\">\n<div class=\"screen-reader-response\"><p role=\"status\" aria-live=\"polite\" aria-atomic=\"true\"><\/p> <ul><\/ul><\/div>\n<form action=\"\/index.php?rest_route=%2Fwp%2Fv2%2Fpages%2F1465#wpcf7-f517-o1\" method=\"post\" class=\"wpcf7-form init\" aria-label=\"Formularz kontaktowy\" novalidate=\"novalidate\" data-status=\"init\">\n<fieldset class=\"hidden-fields-container\"><input type=\"hidden\" name=\"_wpcf7\" value=\"517\" \/><input type=\"hidden\" name=\"_wpcf7_version\" value=\"6.1\" \/><input type=\"hidden\" name=\"_wpcf7_locale\" value=\"pl_PL\" \/><input type=\"hidden\" name=\"_wpcf7_unit_tag\" value=\"wpcf7-f517-o1\" \/><input type=\"hidden\" name=\"_wpcf7_container_post\" value=\"0\" \/><input type=\"hidden\" name=\"_wpcf7_posted_data_hash\" value=\"\" \/>\n<\/fieldset>\n<p><label> Twoje imi\u0119 i nazwisko<br \/>\n<span class=\"wpcf7-form-control-wrap\" data-name=\"your-name\"><input size=\"40\" maxlength=\"400\" class=\"wpcf7-form-control wpcf7-text wpcf7-validates-as-required\" autocomplete=\"name\" aria-required=\"true\" aria-invalid=\"false\" value=\"\" type=\"text\" name=\"your-name\" \/><\/span> <\/label>\n<\/p>\n<p><label> Tw\u00f3j adres e-mail<br \/>\n<span class=\"wpcf7-form-control-wrap\" data-name=\"your-email\"><input size=\"40\" maxlength=\"400\" class=\"wpcf7-form-control wpcf7-email wpcf7-validates-as-required wpcf7-text wpcf7-validates-as-email\" autocomplete=\"email\" aria-required=\"true\" aria-invalid=\"false\" value=\"\" type=\"email\" name=\"your-email\" \/><\/span> <\/label>\n<\/p>\n<p><label> Temat<br \/>\n<span class=\"wpcf7-form-control-wrap\" data-name=\"your-subject\"><input size=\"40\" maxlength=\"400\" class=\"wpcf7-form-control wpcf7-text wpcf7-validates-as-required\" aria-required=\"true\" aria-invalid=\"false\" value=\"\" type=\"text\" name=\"your-subject\" \/><\/span> <\/label>\n<\/p>\n<p><label> Twoja wiadomo\u015bci (opcjonalne)<br \/>\n<span class=\"wpcf7-form-control-wrap\" data-name=\"your-message\"><textarea cols=\"40\" rows=\"10\" maxlength=\"2000\" class=\"wpcf7-form-control wpcf7-textarea\" aria-invalid=\"false\" name=\"your-message\"><\/textarea><\/span> <\/label>\n<\/p>\n<p><input class=\"wpcf7-form-control wpcf7-submit has-spinner\" type=\"submit\" value=\"Wy\u015blij\" \/>\n<\/p><div class=\"wpcf7-response-output\" aria-hidden=\"true\"><\/div>\n<\/form>\n<\/div>\n            <\/div>\r\n            \r\n            \t\t\t\t<\/div>\n\t\t\t\t<\/div>\n\t\t\t\t\t<\/div>\n\t\t<\/div>\n\t\t\t\t\t<\/div>\n\t\t<\/section>\n\t\t\t\t<section class=\"elementor-section elementor-top-section elementor-element elementor-element-ca2a418 elementor-section-boxed elementor-section-height-default elementor-section-height-default exad-glass-effect-no tp-parallax-no exad-sticky-section-no\" data-id=\"ca2a418\" data-element_type=\"section\" data-settings=\"{&quot;tp_sticky_sec_effect_enable&quot;:false}\">\n\t\t\t\t\t\t<div class=\"elementor-container elementor-column-gap-default\">\n\t\t\t\t\t<div data-aos=\"\" class=\"elementor-column elementor-col-100 elementor-top-column elementor-element elementor-element-25a3c40 exad-glass-effect-no exad-sticky-section-no\" data-id=\"25a3c40\" data-element_type=\"column\" data-settings=\"{&quot;tp_sticky_col_effect_enable&quot;:false}\">\n\t\t\t<div class=\"elementor-widget-wrap elementor-element-populated\">\n\t\t\t\t\t\t<div class=\"elementor-element elementor-element-48f5113 exad-sticky-section-no exad-glass-effect-no elementor-widget elementor-widget-spacer\" data-id=\"48f5113\" data-element_type=\"widget\" data-widget_type=\"spacer.default\">\n\t\t\t\t<div class=\"elementor-widget-container\">\n\t\t\t\t\t\t\t<div class=\"elementor-spacer\">\n\t\t\t<div class=\"elementor-spacer-inner\"><\/div>\n\t\t<\/div>\n\t\t\t\t\t\t<\/div>\n\t\t\t\t<\/div>\n\t\t\t\t\t<\/div>\n\t\t<\/div>\n\t\t\t\t\t<\/div>\n\t\t<\/section>\n\t\t\t\t<section class=\"elementor-section elementor-top-section elementor-element elementor-element-19c442e elementor-section-full_width elementor-section-height-default elementor-section-height-default exad-glass-effect-no tp-parallax-no exad-sticky-section-no\" data-id=\"19c442e\" data-element_type=\"section\" data-settings=\"{&quot;background_background&quot;:&quot;classic&quot;,&quot;tp_sticky_sec_effect_enable&quot;:false}\">\n\t\t\t\t\t\t<div class=\"elementor-container elementor-column-gap-default\">\n\t\t\t\t\t<div data-aos=\"\" class=\"elementor-column elementor-col-100 elementor-top-column elementor-element elementor-element-54612ed exad-glass-effect-no exad-sticky-section-no\" data-id=\"54612ed\" data-element_type=\"column\" data-settings=\"{&quot;background_background&quot;:&quot;classic&quot;,&quot;tp_sticky_col_effect_enable&quot;:false}\">\n\t\t\t<div class=\"elementor-widget-wrap elementor-element-populated\">\n\t\t\t\t\t\t<div class=\"elementor-element elementor-element-7c76d66 exad-sticky-section-no exad-glass-effect-no elementor-widget elementor-widget-spacer\" data-id=\"7c76d66\" data-element_type=\"widget\" data-widget_type=\"spacer.default\">\n\t\t\t\t<div class=\"elementor-widget-container\">\n\t\t\t\t\t\t\t<div class=\"elementor-spacer\">\n\t\t\t<div class=\"elementor-spacer-inner\"><\/div>\n\t\t<\/div>\n\t\t\t\t\t\t<\/div>\n\t\t\t\t<\/div>\n\t\t\t\t<div class=\"elementor-element elementor-element-c435911 exad-sticky-section-no exad-glass-effect-no elementor-widget elementor-widget-exad-animated-text\" data-id=\"c435911\" data-element_type=\"widget\" data-widget_type=\"exad-animated-text.default\">\n\t\t\t\t<div class=\"elementor-widget-container\">\n\t\t\t\t\t\r\n\t\t<div class=\"exad-animated-text exad-animated-text-align-center\">\r\n\r\n\t\t\t\r\n\t\t\t<h3 class=\"exad-typed-strings\" data-type_string=\"[&quot;Rozw\\u00f3j&quot;,&quot; Spok\\u00f3j&quot;,&quot; Przysz\\u0142o\\u015b\\u0107&quot;]\" data-heading_animation=\"exad-morphed-animation\" data-animation_style=\"fadeIn\" data-animation_speed=\"2000\">\r\n\r\n\t\t\t\t\t\t\t\t\r\n\t\t\t\t<span class=\"exad-animated-text-pre-heading\">\r\n\t\t\t\t\t\t\t\t\t<\/span>\r\n\t\t\t\t\r\n\t\t\t\t\t\t\t\t<span id=\"exad-animated-text-205\" class=\"exad-animated-text-animated-heading\">\r\n\t\t\t\t\tRozw\u00f3j, Spok\u00f3j, Przysz\u0142o\u015b\u0107\t\t\t\t<\/span>\r\n\t\t\t\t\t\t\t\t\r\n\t\t\t\t<span class=\"exad-animated-text-post-heading\">\r\n\t\t\t\t\tzagwarantujmy wsp\u00f3lnie!\t\t\t\t<\/span>\r\n\t\t\t\t\r\n\t\t\t<\/h3>\r\n\r\n\t\t\t\r\n\t\t<\/div>\r\n\t\t\t\t\t<\/div>\n\t\t\t\t<\/div>\n\t\t\t\t<div class=\"elementor-element elementor-element-7eacb55 exad-sticky-section-no exad-glass-effect-no elementor-widget elementor-widget-spacer\" data-id=\"7eacb55\" data-element_type=\"widget\" data-widget_type=\"spacer.default\">\n\t\t\t\t<div class=\"elementor-widget-container\">\n\t\t\t\t\t\t\t<div class=\"elementor-spacer\">\n\t\t\t<div class=\"elementor-spacer-inner\"><\/div>\n\t\t<\/div>\n\t\t\t\t\t\t<\/div>\n\t\t\t\t<\/div>\n\t\t\t\t\t<\/div>\n\t\t<\/div>\n\t\t\t\t\t<\/div>\n\t\t<\/section>\n\t\t\t\t<\/div>\n\t\t","protected":false},"excerpt":{"rendered":"<p>Edytuj tre\u015b\u0107 G\u0142\u00f3wna Us\u0142ugi sprz\u0105tania Obs\u0142uga publiczno\u015bci Hub2Bussiness Centrum Wsparcia M\u0142odego Biznesu Oferta Us\u0142ugi kadrowe Us\u0142ugi ksi\u0119gowe Us\u0142ugi prawne Wynajem przestrzeni Wirtualne biuro Rozliczenia projekt\u00f3w i dofinansowa\u0144 Szkolenia Kontakt Wstecz formularz kontaktowy Zainteresowa\u0142a Ci\u0119 nasza oferta? Zapraszamy do kontaktu. Twoje imi\u0119 i nazwisko Tw\u00f3j adres e-mail Temat Twoja wiadomo\u015bci (opcjonalne) Rozw\u00f3j, Spok\u00f3j, Przysz\u0142o\u015b\u0107 zagwarantujmy wsp\u00f3lnie!<\/p>\n","protected":false},"author":1,"featured_media":0,"parent":0,"menu_order":0,"comment_status":"closed","ping_status":"closed","template":"elementor_header_footer","meta":{"footnotes":""},"class_list":["post-1465","page","type-page","status-publish","hentry"],"yoast_head":"<!-- This site is optimized with the Yoast SEO plugin v25.5 - https:\/\/yoast.com\/wordpress\/plugins\/seo\/ -->\n<title>Kontakt - Hub2Work<\/title>\n<meta name=\"robots\" content=\"index, follow, max-snippet:-1, max-image-preview:large, max-video-preview:-1\" \/>\n<link rel=\"canonical\" href=\"https:\/\/hub2work.pl\/?page_id=1465\" \/>\n<meta property=\"og:locale\" content=\"pl_PL\" \/>\n<meta property=\"og:type\" content=\"article\" \/>\n<meta property=\"og:title\" content=\"Kontakt - Hub2Work\" \/>\n<meta property=\"og:description\" content=\"Edytuj tre\u015b\u0107 G\u0142\u00f3wna Us\u0142ugi sprz\u0105tania Obs\u0142uga publiczno\u015bci Hub2Bussiness Centrum Wsparcia M\u0142odego Biznesu Oferta Us\u0142ugi kadrowe Us\u0142ugi ksi\u0119gowe Us\u0142ugi prawne Wynajem przestrzeni Wirtualne biuro Rozliczenia projekt\u00f3w i dofinansowa\u0144 Szkolenia Kontakt Wstecz formularz kontaktowy Zainteresowa\u0142a Ci\u0119 nasza oferta? Zapraszamy do kontaktu. Twoje imi\u0119 i nazwisko Tw\u00f3j adres e-mail Temat Twoja wiadomo\u015bci (opcjonalne) Rozw\u00f3j, Spok\u00f3j, Przysz\u0142o\u015b\u0107 zagwarantujmy wsp\u00f3lnie!\" \/>\n<meta property=\"og:url\" content=\"https:\/\/hub2work.pl\/?page_id=1465\" \/>\n<meta property=\"og:site_name\" content=\"Hub2Work\" \/>\n<meta property=\"article:modified_time\" content=\"2025-07-30T11:15:41+00:00\" \/>\n<meta name=\"twitter:card\" content=\"summary_large_image\" \/>\n<meta name=\"twitter:label1\" content=\"Szacowany czas czytania\" \/>\n\t<meta name=\"twitter:data1\" content=\"1 minuta\" \/>\n<script type=\"application\/ld+json\" class=\"yoast-schema-graph\">{\"@context\":\"https:\/\/schema.org\",\"@graph\":[{\"@type\":\"WebPage\",\"@id\":\"https:\/\/hub2work.pl\/?page_id=1465\",\"url\":\"https:\/\/hub2work.pl\/?page_id=1465\",\"name\":\"Kontakt - Hub2Work\",\"isPartOf\":{\"@id\":\"http:\/\/hub2work.pl\/#website\"},\"datePublished\":\"2025-07-29T07:21:41+00:00\",\"dateModified\":\"2025-07-30T11:15:41+00:00\",\"breadcrumb\":{\"@id\":\"https:\/\/hub2work.pl\/?page_id=1465#breadcrumb\"},\"inLanguage\":\"pl-PL\",\"potentialAction\":[{\"@type\":\"ReadAction\",\"target\":[\"https:\/\/hub2work.pl\/?page_id=1465\"]}]},{\"@type\":\"BreadcrumbList\",\"@id\":\"https:\/\/hub2work.pl\/?page_id=1465#breadcrumb\",\"itemListElement\":[{\"@type\":\"ListItem\",\"position\":1,\"name\":\"Home\",\"item\":\"http:\/\/hub2work.pl\/\"},{\"@type\":\"ListItem\",\"position\":2,\"name\":\"Kontakt\"}]},{\"@type\":\"WebSite\",\"@id\":\"http:\/\/hub2work.pl\/#website\",\"url\":\"http:\/\/hub2work.pl\/\",\"name\":\"Hub2Work\",\"description\":\"\",\"potentialAction\":[{\"@type\":\"SearchAction\",\"target\":{\"@type\":\"EntryPoint\",\"urlTemplate\":\"http:\/\/hub2work.pl\/?s={search_term_string}\"},\"query-input\":{\"@type\":\"PropertyValueSpecification\",\"valueRequired\":true,\"valueName\":\"search_term_string\"}}],\"inLanguage\":\"pl-PL\"}]}<\/script>\n<!-- \/ Yoast SEO plugin. -->","yoast_head_json":{"title":"Kontakt - Hub2Work","robots":{"index":"index","follow":"follow","max-snippet":"max-snippet:-1","max-image-preview":"max-image-preview:large","max-video-preview":"max-video-preview:-1"},"canonical":"https:\/\/hub2work.pl\/?page_id=1465","og_locale":"pl_PL","og_type":"article","og_title":"Kontakt - Hub2Work","og_description":"Edytuj tre\u015b\u0107 G\u0142\u00f3wna Us\u0142ugi sprz\u0105tania Obs\u0142uga publiczno\u015bci Hub2Bussiness Centrum Wsparcia M\u0142odego Biznesu Oferta Us\u0142ugi kadrowe Us\u0142ugi ksi\u0119gowe Us\u0142ugi prawne Wynajem przestrzeni Wirtualne biuro Rozliczenia projekt\u00f3w i dofinansowa\u0144 Szkolenia Kontakt Wstecz formularz kontaktowy Zainteresowa\u0142a Ci\u0119 nasza oferta? Zapraszamy do kontaktu. Twoje imi\u0119 i nazwisko Tw\u00f3j adres e-mail Temat Twoja wiadomo\u015bci (opcjonalne) Rozw\u00f3j, Spok\u00f3j, Przysz\u0142o\u015b\u0107 zagwarantujmy wsp\u00f3lnie!","og_url":"https:\/\/hub2work.pl\/?page_id=1465","og_site_name":"Hub2Work","article_modified_time":"2025-07-30T11:15:41+00:00","twitter_card":"summary_large_image","twitter_misc":{"Szacowany czas czytania":"1 minuta"},"schema":{"@context":"https:\/\/schema.org","@graph":[{"@type":"WebPage","@id":"https:\/\/hub2work.pl\/?page_id=1465","url":"https:\/\/hub2work.pl\/?page_id=1465","name":"Kontakt - Hub2Work","isPartOf":{"@id":"http:\/\/hub2work.pl\/#website"},"datePublished":"2025-07-29T07:21:41+00:00","dateModified":"2025-07-30T11:15:41+00:00","breadcrumb":{"@id":"https:\/\/hub2work.pl\/?page_id=1465#breadcrumb"},"inLanguage":"pl-PL","potentialAction":[{"@type":"ReadAction","target":["https:\/\/hub2work.pl\/?page_id=1465"]}]},{"@type":"BreadcrumbList","@id":"https:\/\/hub2work.pl\/?page_id=1465#breadcrumb","itemListElement":[{"@type":"ListItem","position":1,"name":"Home","item":"http:\/\/hub2work.pl\/"},{"@type":"ListItem","position":2,"name":"Kontakt"}]},{"@type":"WebSite","@id":"http:\/\/hub2work.pl\/#website","url":"http:\/\/hub2work.pl\/","name":"Hub2Work","description":"","potentialAction":[{"@type":"SearchAction","target":{"@type":"EntryPoint","urlTemplate":"http:\/\/hub2work.pl\/?s={search_term_string}"},"query-input":{"@type":"PropertyValueSpecification","valueRequired":true,"valueName":"search_term_string"}}],"inLanguage":"pl-PL"}]}},"_links":{"self":[{"href":"https:\/\/hub2work.pl\/index.php?rest_route=\/wp\/v2\/pages\/1465","targetHints":{"allow":["GET"]}}],"collection":[{"href":"https:\/\/hub2work.pl\/index.php?rest_route=\/wp\/v2\/pages"}],"about":[{"href":"https:\/\/hub2work.pl\/index.php?rest_route=\/wp\/v2\/types\/page"}],"author":[{"embeddable":true,"href":"https:\/\/hub2work.pl\/index.php?rest_route=\/wp\/v2\/users\/1"}],"replies":[{"embeddable":true,"href":"https:\/\/hub2work.pl\/index.php?rest_route=%2Fwp%2Fv2%2Fcomments&post=1465"}],"version-history":[{"count":22,"href":"https:\/\/hub2work.pl\/index.php?rest_route=\/wp\/v2\/pages\/1465\/revisions"}],"predecessor-version":[{"id":1804,"href":"https:\/\/hub2work.pl\/index.php?rest_route=\/wp\/v2\/pages\/1465\/revisions\/1804"}],"wp:attachment":[{"href":"https:\/\/hub2work.pl\/index.php?rest_route=%2Fwp%2Fv2%2Fmedia&parent=1465"}],"curies":[{"name":"wp","href":"https:\/\/api.w.org\/{rel}","templated":true}]}}